{"id":689,"date":"2022-04-26T02:08:38","date_gmt":"2022-04-26T00:08:38","guid":{"rendered":"https:\/\/tuim.nl\/inicio\/"},"modified":"2026-02-20T15:07:03","modified_gmt":"2026-02-20T14:07:03","slug":"inicio","status":"publish","type":"page","link":"https:\/\/tuim.nl\/es\/","title":{"rendered":"Inicio"},"content":{"rendered":"<section class=\"l-section wpb_row height_auto width_full\"><div class=\"l-section-h i-cf\"><div class=\"g-cols vc_row via_grid cols_2-1 laptops-cols_inherit tablets-cols_1 mobiles-cols_1 valign_top type_default stacking_default\" style=\"grid-gap:0rem;\"><div class=\"wpb_column vc_column_container us_custom_66385c1b\"><div class=\"vc_column-inner\"><div class=\"w-separator size_huge\"><\/div><p class=\"w-text us_custom_d88ebb7f has_text_color\"><span url class=\"w-text-h\"><span class=\"w-text-value\">TUIM<\/span><\/span><\/p><p class=\"w-text us_custom_ec85779f has_text_color us_animate_this\"><span url class=\"w-text-h\"><span class=\"w-text-value\">simplemente embellecer<\/span><\/span><\/p><div class=\"g-cols wpb_row via_grid cols_3 laptops-cols_inherit tablets-cols_3 mobiles-cols_2 valign_top type_default stacking_default\" style=\"grid-gap:2rem;\"><div class=\"wpb_column vc_column_container\"><div class=\"vc_column-inner\"><div class=\"w-counter us_custom_bb955f44 has_text_color color_primary align_left has_font_size\" data-duration=\"3.5\"><div class=\"w-counter-value\"><span class=\"w-counter-value-part type_text\" data-final=\"\"><\/span><span class=\"w-counter-value-part type_number\" data-final=\"26\">1<\/span><span class=\"w-counter-value-part type_text\" data-final=\"\"><\/span><\/div><h5 class=\"w-counter-title\">A\u00f1os<\/h5><\/div><\/div><\/div><div class=\"wpb_column vc_column_container\"><div class=\"vc_column-inner\"><div class=\"w-counter us_custom_bb955f44 has_text_color color_primary align_left has_font_size\" data-duration=\"2.5\"><div class=\"w-counter-value\"><span class=\"w-counter-value-part type_text\" data-final=\"desde\">desde<\/span><\/div><h5 class=\"w-counter-title\">2000<\/h5><\/div><\/div><\/div><\/div><div class=\"w-separator size_huge\"><\/div><div class=\"w-tabs layout_ver navwidth_30 navpos_left style_trendy switch_click has_scrolling remove_indents\" style=\"--sections-title-size:1.6rem\"><div class=\"w-tabs-list items_2 align_none\" style=\"font-weight:600;line-height:1rem;\"><div class=\"w-tabs-list-h\"><button class=\"w-tabs-item active\" aria-controls=\"content-t32f\" aria-expanded=\"false\"><span class=\"w-tabs-item-title\">Antecedentes<\/span><\/button><button class=\"w-tabs-item\" aria-controls=\"content-n342\" aria-expanded=\"false\"><span class=\"w-tabs-item-title\">Fundador<\/span><\/button><\/div><\/div><div class=\"w-tabs-sections titles-align_none icon_chevron cpos_right\"><div class=\"w-tabs-section active\" id=\"t32f\"><button class=\"w-tabs-section-header active\" aria-controls=\"content-t32f\" aria-expanded=\"true\"><h3 class=\"w-tabs-section-title\">Antecedentes<\/h3><div class=\"w-tabs-section-control\"><\/div><\/button><div  class=\"w-tabs-section-content\" id=\"content-t32f\"><div class=\"w-tabs-section-content-h i-cf\"><div class=\"wpb_text_column\"><div class=\"wpb_wrapper\"><div id=\"links\" class=\"section multiple anchor-links\">\n<div class=\"sectionFooter\">TUIM (Thaens Urban Investment &amp; Management B.V.) se dedica a la <b>estructuraci\u00f3n<\/b> de proyectos singulares e inversiones en el entorno vital, el espacio p\u00fablico y el sector sociosanitario.<\/div>\n<\/div>\n<\/div><\/div><\/div><\/div><\/div><div class=\"w-tabs-section\" id=\"n342\"><button class=\"w-tabs-section-header\" aria-controls=\"content-n342\" aria-expanded=\"false\"><h3 class=\"w-tabs-section-title\">Fundador<\/h3><div class=\"w-tabs-section-control\"><\/div><\/button><div  class=\"w-tabs-section-content us_custom_29f9693d\" id=\"content-n342\"><div class=\"w-tabs-section-content-h i-cf\"><div class=\"g-cols wpb_row via_grid cols_2-1 laptops-cols_inherit tablets-cols_inherit mobiles-cols_1 valign_top type_default stacking_default\"><div class=\"wpb_column vc_column_container\"><div class=\"vc_column-inner\"><div class=\"wpb_text_column\"><div class=\"wpb_wrapper\"><p><a href=\"https:\/\/tuim.nl\/es\/contacto\/\" target=\"_blank\" rel=\"noopener\"><strong>G\u00e9rard J.J. Thaens<\/strong><\/a><\/p>\n<div class=\"sectionHeader\">\n<div id=\"ctl01_ctl01_ctl00_sectionHeader\" class=\"editorContent\">\n<blockquote>\n<p>Estoy curtido en el desarrollo y la explotaci\u00f3n de viviendas para personas mayores e instalaciones de atenci\u00f3n. S\u00e9 que lo que me impulsa es la persona que hay detr\u00e1s de las piedras. Crear valor para los residentes, los empleados, los usuarios y los inversores. No doy por sentado ning\u00fan detalle y solo invierto mi alma y mi coraz\u00f3n en asuntos significativos. Significativo para las personas y la sociedad. En la d\u00e9cada de 1990 trabaj\u00e9 en la <g id=\"gid_0\">regi\u00f3n metropolitana de \u00c1msterdam (ROA)<\/g> y en <g id=\"gid_1\">Twynstra Gudde<\/g>. A principios de este siglo, empec\u00e9 mi propia empresa.      <\/p>\n<p>Tengo una amplia experiencia como empresario, administrador, gerente, asesor y consejero.<\/p>\n<\/blockquote>\n<\/div>\n<\/div>\n<\/div><\/div><\/div><\/div><div class=\"wpb_column vc_column_container us_custom_eb849559\"><div class=\"vc_column-inner\"><div class=\"w-image align_none\"><div url class=\"w-image-h\"><img loading=\"lazy\" decoding=\"async\" width=\"225\" height=\"300\" src=\"https:\/\/tuim.nl\/wp-content\/uploads\/2025\/10\/IMG_1672-225x300.jpeg\" class=\"attachment-medium size-medium\" alt=\"\" srcset=\"https:\/\/tuim.nl\/wp-content\/uploads\/2025\/10\/IMG_1672-225x300.jpeg 225w, https:\/\/tuim.nl\/wp-content\/uploads\/2025\/10\/IMG_1672.jpeg 480w\" sizes=\"auto, (max-width: 225px) 100vw, 225px\" \/><\/div><\/div><\/div><\/div><\/div><\/div><\/div><\/div><\/div><\/div><\/div><\/div><div class=\"wpb_column vc_column_container us_custom_6b939c2c hide_on_tablets hide_on_mobiles has_bg_color\"><div class=\"vc_column-inner\"><\/div><\/div><\/div><\/div><\/section><section class=\"l-section wpb_row height_auto width_full\"><div class=\"l-section-h i-cf\"><div class=\"g-cols vc_row via_grid cols_2-1 laptops-cols_inherit tablets-cols_1 mobiles-cols_1 valign_top type_default stacking_default\" style=\"grid-gap:0rem;\"><div class=\"wpb_column vc_column_container us_custom_8f4479a9\"><div class=\"vc_column-inner\"><div class=\"g-cols wpb_row via_grid cols_2 laptops-cols_1 tablets-cols_1 mobiles-cols_1 valign_middle type_default stacking_default\"><div class=\"wpb_column vc_column_container\"><div class=\"vc_column-inner\"><div class=\"w-image us_custom_3b26f501 has_ratio align_none\"><div url class=\"w-image-h\"><div style=\"padding-bottom:100%\"><\/div><img loading=\"lazy\" decoding=\"async\" width=\"1024\" height=\"186\" src=\"https:\/\/tuim.nl\/wp-content\/uploads\/2023\/08\/header-tuim-deur-1024x186.png\" class=\"attachment-large size-large\" alt=\"\" srcset=\"https:\/\/tuim.nl\/wp-content\/uploads\/2023\/08\/header-tuim-deur-1024x186.png 1024w, https:\/\/tuim.nl\/wp-content\/uploads\/2023\/08\/header-tuim-deur-300x54.png 300w, https:\/\/tuim.nl\/wp-content\/uploads\/2023\/08\/header-tuim-deur.png 1600w\" sizes=\"auto, (max-width: 1024px) 100vw, 1024px\" \/><\/div><\/div><\/div><\/div><div class=\"wpb_column vc_column_container\"><div class=\"vc_column-inner\"><h2 class=\"w-text\"><span url class=\"w-text-h\"><span class=\"w-text-value\">Iniciativas<\/span><\/span><\/h2><div class=\"wpb_text_column\"><div class=\"wpb_wrapper\"><p>G\u00e9rard Thaens es el creador y art\u00edfice de diversas iniciativas en el \u00e1mbito de la vivienda, la atenci\u00f3n y el trabajo. Es socio de una organizaci\u00f3n que ayuda a que el mercado de inmuebles para la atenci\u00f3n sea m\u00e1s transparente y accesible. Tambi\u00e9n invierte en software para que la prestaci\u00f3n de atenci\u00f3n sea m\u00e1s inteligente y sencilla. Y fue iniciador, socio y director general de una <strong><a href=\"https:\/\/www.com4care.com\/\" target=\"_blank\" rel=\"noopener\">asociaci\u00f3n<\/a><\/strong> de 6 centros de atenci\u00f3n residencial para personas mayores con unos 160 empleados y unos 120 residentes y usuarios.<\/p>\n<\/div><\/div><\/div><\/div><\/div><\/div><\/div><div class=\"wpb_column vc_column_container us_custom_c899d8e6 hide_on_tablets hide_on_mobiles has_bg_color\"><div class=\"vc_column-inner\"><\/div><\/div><\/div><\/div><\/section><section class=\"l-section wpb_row height_auto width_full\"><div class=\"l-section-h i-cf\"><div class=\"g-cols vc_row via_grid cols_2-1 laptops-cols_inherit tablets-cols_1 mobiles-cols_1 valign_top type_default stacking_default\" style=\"grid-gap:0rem;\"><div class=\"wpb_column vc_column_container us_custom_8f4479a9\"><div class=\"vc_column-inner\"><div class=\"g-cols wpb_row via_grid cols_1 laptops-cols_inherit tablets-cols_inherit mobiles-cols_1 valign_middle type_default stacking_default\"><div class=\"wpb_column vc_column_container us_custom_7841dd10 has_bg_color\"><div class=\"vc_column-inner\"><div class=\"w-hwrapper valign_middle align_center\"><div class=\"w-image us_custom_bf27d4db align_center\"><div url class=\"w-image-h\"><img loading=\"lazy\" decoding=\"async\" width=\"160\" height=\"160\" src=\"https:\/\/tuim.nl\/wp-content\/uploads\/2023\/08\/business_logo_tuim_trans.png\" class=\"attachment-large size-large\" alt=\"\" srcset=\"https:\/\/tuim.nl\/wp-content\/uploads\/2023\/08\/business_logo_tuim_trans.png 160w, https:\/\/tuim.nl\/wp-content\/uploads\/2023\/08\/business_logo_tuim_trans-150x150.png 150w\" sizes=\"auto, (max-width: 160px) 100vw, 160px\" \/><\/div><\/div><div class=\"w-vwrapper align_left valign_middle\" style=\"--vwrapper-gap:0rem\"><div class=\"w-text us_custom_0a123172\"><span url class=\"w-text-h\"><span class=\"w-text-value\">P\u00f3ngase en contacto<\/span><\/span><\/div><h4 class=\"w-text us_custom_f433cfc9 us_animate_this\"><span url class=\"w-text-h\"><span class=\"w-text-value\">con<\/span><\/span><\/h4><\/div><\/div><div class=\"w-separator size_small\"><\/div><div class=\"w-btn-wrapper align_center\"><a class=\"w-btn us-btn-style_1\" href=\"\/contact\/\"><span class=\"w-btn-label\">G\u00e9rard Thaens<\/span><\/a><\/div><\/div><\/div><\/div><\/div><\/div><div class=\"wpb_column vc_column_container us_custom_dbee07df hide_on_tablets hide_on_mobiles has_bg_color\"><div class=\"vc_column-inner\"><\/div><\/div><\/div><\/div><\/section>\n","protected":false},"excerpt":{"rendered":"TUIMsimplemente embellecer1A\u00f1osdesde2000AntecedentesFundadorAntecedentes TUIM (Thaens Urban Investment &amp; Management B.V.) se dedica a la estructuraci\u00f3n de proyectos singulares e inversiones en el entorno vital, el espacio p\u00fablico y el sector sociosanitario. FundadorG\u00e9rard J.J. Thaens Estoy curtido en el desarrollo y la explotaci\u00f3n de viviendas para personas mayores e instalaciones de atenci\u00f3n. S\u00e9 que lo que me...","protected":false},"author":1,"featured_media":696,"parent":0,"menu_order":0,"comment_status":"closed","ping_status":"closed","template":"","meta":{"footnotes":""},"class_list":["post-689","page","type-page","status-publish","has-post-thumbnail","hentry"],"yoast_head":"<!-- This site is optimized with the Yoast SEO plugin v26.2 - https:\/\/yoast.com\/wordpress\/plugins\/seo\/ -->\n<title>Inicio - TUIM<\/title>\n<meta name=\"description\" content=\"Desarrollo y explotaci\u00f3n de instalaciones residenciales y de atenci\u00f3n. Thaens opera como empresario en el \u00e1mbito de la vivienda, la atenci\u00f3n y el trabajo.\" \/>\n<meta name=\"robots\" content=\"index, follow, max-snippet:-1, max-image-preview:large, max-video-preview:-1\" \/>\n<link rel=\"canonical\" href=\"https:\/\/tuim.nl\/es\/\" \/>\n<meta property=\"og:locale\" content=\"es_ES\" \/>\n<meta property=\"og:type\" content=\"article\" \/>\n<meta property=\"og:title\" content=\"Inicio - TUIM\" \/>\n<meta property=\"og:description\" content=\"Desarrollo y explotaci\u00f3n de instalaciones residenciales y de atenci\u00f3n. Thaens opera como empresario en el \u00e1mbito de la vivienda, la atenci\u00f3n y el trabajo.\" \/>\n<meta property=\"og:url\" content=\"https:\/\/tuim.nl\/es\/\" \/>\n<meta property=\"og:site_name\" content=\"TUIM\" \/>\n<meta property=\"article:modified_time\" content=\"2026-02-20T14:07:03+00:00\" \/>\n<meta property=\"og:image\" content=\"https:\/\/tuim.nl\/wp-content\/uploads\/2023\/08\/business_logo_tuim.png\" \/>\n\t<meta property=\"og:image:width\" content=\"160\" \/>\n\t<meta property=\"og:image:height\" content=\"160\" \/>\n\t<meta property=\"og:image:type\" content=\"image\/png\" \/>\n<meta name=\"twitter:card\" content=\"summary_large_image\" \/>\n<meta name=\"twitter:label1\" content=\"Tiempo de lectura\" \/>\n\t<meta name=\"twitter:data1\" content=\"7 minutos\" \/>\n<script type=\"application\/ld+json\" class=\"yoast-schema-graph\">{\"@context\":\"https:\/\/schema.org\",\"@graph\":[{\"@type\":\"WebPage\",\"@id\":\"https:\/\/tuim.nl\/es\/\",\"url\":\"https:\/\/tuim.nl\/es\/\",\"name\":\"Inicio - TUIM\",\"isPartOf\":{\"@id\":\"https:\/\/tuim.nl\/es\/#website\"},\"primaryImageOfPage\":{\"@id\":\"https:\/\/tuim.nl\/es\/#primaryimage\"},\"image\":{\"@id\":\"https:\/\/tuim.nl\/es\/#primaryimage\"},\"thumbnailUrl\":\"https:\/\/tuim.nl\/wp-content\/uploads\/2023\/08\/business_logo_tuim.png\",\"datePublished\":\"2022-04-26T00:08:38+00:00\",\"dateModified\":\"2026-02-20T14:07:03+00:00\",\"description\":\"Desarrollo y explotaci\u00f3n de instalaciones residenciales y de atenci\u00f3n. Thaens opera como empresario en el \u00e1mbito de la vivienda, la atenci\u00f3n y el trabajo.\",\"breadcrumb\":{\"@id\":\"https:\/\/tuim.nl\/es\/#breadcrumb\"},\"inLanguage\":\"es\",\"potentialAction\":[{\"@type\":\"ReadAction\",\"target\":[\"https:\/\/tuim.nl\/es\/\"]}]},{\"@type\":\"ImageObject\",\"inLanguage\":\"es\",\"@id\":\"https:\/\/tuim.nl\/es\/#primaryimage\",\"url\":\"https:\/\/tuim.nl\/wp-content\/uploads\/2023\/08\/business_logo_tuim.png\",\"contentUrl\":\"https:\/\/tuim.nl\/wp-content\/uploads\/2023\/08\/business_logo_tuim.png\",\"width\":160,\"height\":160},{\"@type\":\"BreadcrumbList\",\"@id\":\"https:\/\/tuim.nl\/es\/#breadcrumb\",\"itemListElement\":[{\"@type\":\"ListItem\",\"position\":1,\"name\":\"Home\",\"item\":\"https:\/\/tuim.nl\/es\/\"},{\"@type\":\"ListItem\",\"position\":2,\"name\":\"Inicio\"}]},{\"@type\":\"WebSite\",\"@id\":\"https:\/\/tuim.nl\/es\/#website\",\"url\":\"https:\/\/tuim.nl\/es\/\",\"name\":\"TUIM\",\"description\":\"Thaens Urban Investment &amp; Management B.V.\",\"potentialAction\":[{\"@type\":\"SearchAction\",\"target\":{\"@type\":\"EntryPoint\",\"urlTemplate\":\"https:\/\/tuim.nl\/es\/?s={search_term_string}\"},\"query-input\":{\"@type\":\"PropertyValueSpecification\",\"valueRequired\":true,\"valueName\":\"search_term_string\"}}],\"inLanguage\":\"es\"}]}<\/script>\n<!-- \/ Yoast SEO plugin. -->","yoast_head_json":{"title":"Inicio - TUIM","description":"Desarrollo y explotaci\u00f3n de instalaciones residenciales y de atenci\u00f3n. Thaens opera como empresario en el \u00e1mbito de la vivienda, la atenci\u00f3n y el trabajo.","robots":{"index":"index","follow":"follow","max-snippet":"max-snippet:-1","max-image-preview":"max-image-preview:large","max-video-preview":"max-video-preview:-1"},"canonical":"https:\/\/tuim.nl\/es\/","og_locale":"es_ES","og_type":"article","og_title":"Inicio - TUIM","og_description":"Desarrollo y explotaci\u00f3n de instalaciones residenciales y de atenci\u00f3n. Thaens opera como empresario en el \u00e1mbito de la vivienda, la atenci\u00f3n y el trabajo.","og_url":"https:\/\/tuim.nl\/es\/","og_site_name":"TUIM","article_modified_time":"2026-02-20T14:07:03+00:00","og_image":[{"width":160,"height":160,"url":"https:\/\/tuim.nl\/wp-content\/uploads\/2023\/08\/business_logo_tuim.png","type":"image\/png"}],"twitter_card":"summary_large_image","twitter_misc":{"Tiempo de lectura":"7 minutos"},"schema":{"@context":"https:\/\/schema.org","@graph":[{"@type":"WebPage","@id":"https:\/\/tuim.nl\/es\/","url":"https:\/\/tuim.nl\/es\/","name":"Inicio - TUIM","isPartOf":{"@id":"https:\/\/tuim.nl\/es\/#website"},"primaryImageOfPage":{"@id":"https:\/\/tuim.nl\/es\/#primaryimage"},"image":{"@id":"https:\/\/tuim.nl\/es\/#primaryimage"},"thumbnailUrl":"https:\/\/tuim.nl\/wp-content\/uploads\/2023\/08\/business_logo_tuim.png","datePublished":"2022-04-26T00:08:38+00:00","dateModified":"2026-02-20T14:07:03+00:00","description":"Desarrollo y explotaci\u00f3n de instalaciones residenciales y de atenci\u00f3n. Thaens opera como empresario en el \u00e1mbito de la vivienda, la atenci\u00f3n y el trabajo.","breadcrumb":{"@id":"https:\/\/tuim.nl\/es\/#breadcrumb"},"inLanguage":"es","potentialAction":[{"@type":"ReadAction","target":["https:\/\/tuim.nl\/es\/"]}]},{"@type":"ImageObject","inLanguage":"es","@id":"https:\/\/tuim.nl\/es\/#primaryimage","url":"https:\/\/tuim.nl\/wp-content\/uploads\/2023\/08\/business_logo_tuim.png","contentUrl":"https:\/\/tuim.nl\/wp-content\/uploads\/2023\/08\/business_logo_tuim.png","width":160,"height":160},{"@type":"BreadcrumbList","@id":"https:\/\/tuim.nl\/es\/#breadcrumb","itemListElement":[{"@type":"ListItem","position":1,"name":"Home","item":"https:\/\/tuim.nl\/es\/"},{"@type":"ListItem","position":2,"name":"Inicio"}]},{"@type":"WebSite","@id":"https:\/\/tuim.nl\/es\/#website","url":"https:\/\/tuim.nl\/es\/","name":"TUIM","description":"Thaens Urban Investment &amp; Management B.V.","potentialAction":[{"@type":"SearchAction","target":{"@type":"EntryPoint","urlTemplate":"https:\/\/tuim.nl\/es\/?s={search_term_string}"},"query-input":{"@type":"PropertyValueSpecification","valueRequired":true,"valueName":"search_term_string"}}],"inLanguage":"es"}]}},"_links":{"self":[{"href":"https:\/\/tuim.nl\/es\/wp-json\/wp\/v2\/pages\/689","targetHints":{"allow":["GET"]}}],"collection":[{"href":"https:\/\/tuim.nl\/es\/wp-json\/wp\/v2\/pages"}],"about":[{"href":"https:\/\/tuim.nl\/es\/wp-json\/wp\/v2\/types\/page"}],"author":[{"embeddable":true,"href":"https:\/\/tuim.nl\/es\/wp-json\/wp\/v2\/users\/1"}],"replies":[{"embeddable":true,"href":"https:\/\/tuim.nl\/es\/wp-json\/wp\/v2\/comments?post=689"}],"version-history":[{"count":20,"href":"https:\/\/tuim.nl\/es\/wp-json\/wp\/v2\/pages\/689\/revisions"}],"predecessor-version":[{"id":917,"href":"https:\/\/tuim.nl\/es\/wp-json\/wp\/v2\/pages\/689\/revisions\/917"}],"wp:featuredmedia":[{"embeddable":true,"href":"https:\/\/tuim.nl\/es\/wp-json\/wp\/v2\/media\/696"}],"wp:attachment":[{"href":"https:\/\/tuim.nl\/es\/wp-json\/wp\/v2\/media?parent=689"}],"curies":[{"name":"wp","href":"https:\/\/api.w.org\/{rel}","templated":true}]}}